{"id":578,"date":"2025-03-15T06:03:14","date_gmt":"2025-03-15T06:03:14","guid":{"rendered":"https:\/\/caroayala.com\/wpcaro\/?page_id=578"},"modified":"2025-03-18T18:21:00","modified_gmt":"2025-03-18T18:21:00","slug":"expositions","status":"publish","type":"page","link":"https:\/\/caroayala.com\/wpcaro\/fr\/expositions\/","title":{"rendered":"Expositions"},"content":{"rendered":"\n<h3 class=\"wp-block-heading\">Expositions individuelles<\/h3>\n\n\n\n<div class=\"wp-block-columns is-layout-flex wp-container-core-columns-is-layout-9d6595d7 wp-block-columns-is-layout-flex\">\n<div class=\"wp-block-column is-layout-flow wp-block-column-is-layout-flow\" style=\"flex-basis:20%\">\n<p class=\"has-text-align-center\">2022<\/p>\n<\/div>\n\n\n\n<div class=\"wp-block-column is-layout-flow wp-block-column-is-layout-flow\" style=\"flex-basis:80%\">\n<p>La mort et les autres r\u00e9alit\u00e9s de l&#8217;art, exposition personnelle et conf\u00e9rence,H\u00f4tel Decu Downtown. Merida, Mexique.<\/p>\n<\/div>\n<\/div>\n\n\n\n<div class=\"wp-block-columns is-layout-flex wp-container-core-columns-is-layout-9d6595d7 wp-block-columns-is-layout-flex\">\n<div class=\"wp-block-column is-layout-flow wp-block-column-is-layout-flow\">\n<figure class=\"wp-block-image size-large is-resized\"><img loading=\"lazy\" decoding=\"async\" width=\"1024\" height=\"876\" src=\"https:\/\/caroayala.com\/wpcaro\/wp-content\/uploads\/2025\/03\/exp_ind1-1024x876.jpg\" alt=\"\" class=\"wp-image-540\" style=\"width:auto;height:410px\" srcset=\"https:\/\/caroayala.com\/wpcaro\/wp-content\/uploads\/2025\/03\/exp_ind1-1024x876.jpg 1024w, https:\/\/caroayala.com\/wpcaro\/wp-content\/uploads\/2025\/03\/exp_ind1-300x257.jpg 300w, https:\/\/caroayala.com\/wpcaro\/wp-content\/uploads\/2025\/03\/exp_ind1-768x657.jpg 768w, https:\/\/caroayala.com\/wpcaro\/wp-content\/uploads\/2025\/03\/exp_ind1.jpg 1080w\" sizes=\"auto, (max-width: 1024px) 100vw, 1024px\" \/><\/figure>\n<\/div>\n\n\n\n<div class=\"wp-block-column is-layout-flow wp-block-column-is-layout-flow\">\n<figure class=\"wp-block-image size-large is-resized\"><img loading=\"lazy\" decoding=\"async\" width=\"1024\" height=\"768\" src=\"https:\/\/caroayala.com\/wpcaro\/wp-content\/uploads\/2025\/03\/exp_ind2-1024x768.jpg\" alt=\"\" class=\"wp-image-541\" style=\"width:auto;height:450px\" srcset=\"https:\/\/caroayala.com\/wpcaro\/wp-content\/uploads\/2025\/03\/exp_ind2-1024x768.jpg 1024w, https:\/\/caroayala.com\/wpcaro\/wp-content\/uploads\/2025\/03\/exp_ind2-300x225.jpg 300w, https:\/\/caroayala.com\/wpcaro\/wp-content\/uploads\/2025\/03\/exp_ind2-768x576.jpg 768w, https:\/\/caroayala.com\/wpcaro\/wp-content\/uploads\/2025\/03\/exp_ind2.jpg 1080w\" sizes=\"auto, (max-width: 1024px) 100vw, 1024px\" \/><\/figure>\n<\/div>\n<\/div>\n\n\n\n<h3 class=\"wp-block-heading\">Expositions collectives<\/h3>\n\n\n\n<div class=\"wp-block-columns is-layout-flex wp-container-core-columns-is-layout-9d6595d7 wp-block-columns-is-layout-flex\">\n<div class=\"wp-block-column is-layout-flow wp-block-column-is-layout-flow\" style=\"flex-basis:33.33%\">\n<p class=\"has-text-align-center\">2023<\/p>\n<\/div>\n\n\n\n<div class=\"wp-block-column is-layout-flow wp-block-column-is-layout-flow\" style=\"flex-basis:66.66%\">\n<p>8 abstracciones en 2 Mundos, Galer\u00eda Dos Mundos. Merida, Mexique.<\/p>\n<\/div>\n<\/div>\n\n\n\n<p><img decoding=\"async\" src=\"https:\/\/caroayala.com\/wpcaro\/wp-content\/uploads\/2025\/03\/exp_col-1024x888.jpg\" alt=\"\"><\/p>\n\n\n\n<div style=\"height:72px\" aria-hidden=\"true\" class=\"wp-block-spacer\"><\/div>\n\n\n\n<div class=\"wp-block-columns is-layout-flex wp-container-core-columns-is-layout-9d6595d7 wp-block-columns-is-layout-flex\">\n<div class=\"wp-block-column is-layout-flow wp-block-column-is-layout-flow\" style=\"flex-basis:33.33%\">\n<p class=\"has-text-align-center\">2023<\/p>\n<\/div>\n\n\n\n<div class=\"wp-block-column is-layout-flow wp-block-column-is-layout-flow\" style=\"flex-basis:66.66%\">\n<p>Illusion, Van Gogh Art Gallery. Madrid, Espagne.<\/p>\n<\/div>\n<\/div>\n\n\n\n<div class=\"wp-block-columns is-layout-flex wp-container-core-columns-is-layout-9d6595d7 wp-block-columns-is-layout-flex\">\n<div class=\"wp-block-column is-layout-flow wp-block-column-is-layout-flow\">\n<figure class=\"wp-block-image size-large\"><img loading=\"lazy\" decoding=\"async\" width=\"1024\" height=\"770\" src=\"https:\/\/caroayala.com\/wpcaro\/wp-content\/uploads\/2025\/03\/exp_col2a-1024x770.jpg\" alt=\"\" class=\"wp-image-545\" srcset=\"https:\/\/caroayala.com\/wpcaro\/wp-content\/uploads\/2025\/03\/exp_col2a-1024x770.jpg 1024w, https:\/\/caroayala.com\/wpcaro\/wp-content\/uploads\/2025\/03\/exp_col2a-300x225.jpg 300w, https:\/\/caroayala.com\/wpcaro\/wp-content\/uploads\/2025\/03\/exp_col2a-768x577.jpg 768w, https:\/\/caroayala.com\/wpcaro\/wp-content\/uploads\/2025\/03\/exp_col2a.jpg 1079w\" sizes=\"auto, (max-width: 1024px) 100vw, 1024px\" \/><\/figure>\n<\/div>\n\n\n\n<div class=\"wp-block-column is-layout-flow wp-block-column-is-layout-flow\">\n<figure class=\"wp-block-image size-large\"><img loading=\"lazy\" decoding=\"async\" width=\"1024\" height=\"768\" src=\"https:\/\/caroayala.com\/wpcaro\/wp-content\/uploads\/2025\/03\/exp_col2b-1024x768.jpg\" alt=\"\" class=\"wp-image-546\" srcset=\"https:\/\/caroayala.com\/wpcaro\/wp-content\/uploads\/2025\/03\/exp_col2b-1024x768.jpg 1024w, https:\/\/caroayala.com\/wpcaro\/wp-content\/uploads\/2025\/03\/exp_col2b-300x225.jpg 300w, https:\/\/caroayala.com\/wpcaro\/wp-content\/uploads\/2025\/03\/exp_col2b-768x576.jpg 768w, https:\/\/caroayala.com\/wpcaro\/wp-content\/uploads\/2025\/03\/exp_col2b.jpg 1082w\" sizes=\"auto, (max-width: 1024px) 100vw, 1024px\" \/><\/figure>\n<\/div>\n<\/div>\n\n\n\n<p><img decoding=\"async\" src=\"https:\/\/caroayala.com\/wpcaro\/wp-content\/uploads\/2025\/03\/exp_col2c-1024x770.jpg\" alt=\"\"><\/p>\n\n\n\n<div style=\"height:72px\" aria-hidden=\"true\" class=\"wp-block-spacer\"><\/div>\n\n\n\n<div class=\"wp-block-columns is-layout-flex wp-container-core-columns-is-layout-9d6595d7 wp-block-columns-is-layout-flex\">\n<div class=\"wp-block-column is-layout-flow wp-block-column-is-layout-flow\" style=\"flex-basis:33.33%\">\n<p class=\"has-text-align-center\">2023<\/p>\n<\/div>\n\n\n\n<div class=\"wp-block-column is-layout-flow wp-block-column-is-layout-flow\" style=\"flex-basis:66.66%\">\n<p>International Contemporary Art Fair, Espace Fontvieille. Principaut\u00e9 de Monaco.<\/p>\n<\/div>\n<\/div>\n\n\n<style>.wp-block-kadence-advancedgallery .kb-gallery-type-masonry.kb-gallery-id-578_a3f85e-4a{margin:-5px;}.kb-gallery-type-masonry.kb-gallery-id-578_a3f85e-4a .kadence-blocks-gallery-item{padding:5px;}.kb-gallery-id-578_a3f85e-4a .kadence-blocks-gallery-item .kb-gal-image-radius, .kb-gallery-id-578_a3f85e-4a .kb-slide-item .kb-gal-image-radius img{border-radius:0px 0px 0px 0px;;}<\/style><div class=\"kb-gallery-wrap-id-578_a3f85e-4a alignnone wp-block-kadence-advancedgallery\"><ul class=\"kb-gallery-ul kb-gallery-non-static kb-gallery-type-masonry kb-masonry-init kb-gallery-id-578_a3f85e-4a kb-gallery-caption-style-bottom-hover kb-gallery-filter-none\" data-image-filter=\"none\" data-item-selector=\".kadence-blocks-gallery-item\" data-lightbox-caption=\"true\" data-columns-xxl=\"2\" data-columns-xl=\"2\" data-columns-md=\"2\" data-columns-sm=\"2\" data-columns-xs=\"1\" data-columns-ss=\"1\"><li class=\"kadence-blocks-gallery-item\" tabindex=\"0\"><div class=\"kadence-blocks-gallery-item-inner\"><figure class=\"kb-gallery-figure kadence-blocks-gallery-item-hide-caption\"><div class=\"kb-gal-image-radius\" style=\"max-width:724px;\"><div class=\"kb-gallery-image-contain kadence-blocks-gallery-intrinsic\" style=\"padding-bottom:141%;\"><img loading=\"lazy\" decoding=\"async\" src=\"https:\/\/caroayala.com\/wpcaro\/wp-content\/uploads\/2025\/03\/exp_col3a-724x1024.jpg\" width=\"724\" height=\"1024\" alt=\"\" data-full-image=\"https:\/\/caroayala.com\/wpcaro\/wp-content\/uploads\/2025\/03\/exp_col3a.jpg\" data-light-image=\"https:\/\/caroayala.com\/wpcaro\/wp-content\/uploads\/2025\/03\/exp_col3a.jpg\" data-id=\"560\" class=\"wp-image-560\" srcset=\"https:\/\/caroayala.com\/wpcaro\/wp-content\/uploads\/2025\/03\/exp_col3a-724x1024.jpg 724w, https:\/\/caroayala.com\/wpcaro\/wp-content\/uploads\/2025\/03\/exp_col3a-212x300.jpg 212w, https:\/\/caroayala.com\/wpcaro\/wp-content\/uploads\/2025\/03\/exp_col3a.jpg 764w\" sizes=\"auto, (max-width: 724px) 100vw, 724px\" \/><\/div><\/div><\/figure><\/div><\/li><li class=\"kadence-blocks-gallery-item\" tabindex=\"0\"><div class=\"kadence-blocks-gallery-item-inner\"><figure class=\"kb-gallery-figure kadence-blocks-gallery-item-hide-caption\"><div class=\"kb-gal-image-radius\" style=\"max-width:1024px;\"><div class=\"kb-gallery-image-contain kadence-blocks-gallery-intrinsic\" style=\"padding-bottom:75%;\"><img loading=\"lazy\" decoding=\"async\" src=\"https:\/\/caroayala.com\/wpcaro\/wp-content\/uploads\/2025\/03\/exp_col3b-1024x768.jpg\" width=\"1024\" height=\"768\" alt=\"\" data-full-image=\"https:\/\/caroayala.com\/wpcaro\/wp-content\/uploads\/2025\/03\/exp_col3b.jpg\" data-light-image=\"https:\/\/caroayala.com\/wpcaro\/wp-content\/uploads\/2025\/03\/exp_col3b.jpg\" data-id=\"561\" class=\"wp-image-561\" srcset=\"https:\/\/caroayala.com\/wpcaro\/wp-content\/uploads\/2025\/03\/exp_col3b-1024x768.jpg 1024w, https:\/\/caroayala.com\/wpcaro\/wp-content\/uploads\/2025\/03\/exp_col3b-300x225.jpg 300w, https:\/\/caroayala.com\/wpcaro\/wp-content\/uploads\/2025\/03\/exp_col3b-768x576.jpg 768w, https:\/\/caroayala.com\/wpcaro\/wp-content\/uploads\/2025\/03\/exp_col3b.jpg 1080w\" sizes=\"auto, (max-width: 1024px) 100vw, 1024px\" \/><\/div><\/div><\/figure><\/div><\/li><li class=\"kadence-blocks-gallery-item\" tabindex=\"0\"><div class=\"kadence-blocks-gallery-item-inner\"><figure class=\"kb-gallery-figure kadence-blocks-gallery-item-hide-caption\"><div class=\"kb-gal-image-radius\" style=\"max-width:768px;\"><div class=\"kb-gallery-image-contain kadence-blocks-gallery-intrinsic\" style=\"padding-bottom:133%;\"><img loading=\"lazy\" decoding=\"async\" src=\"https:\/\/caroayala.com\/wpcaro\/wp-content\/uploads\/2025\/03\/exp_col3d-768x1024.jpg\" width=\"768\" height=\"1024\" alt=\"\" data-full-image=\"https:\/\/caroayala.com\/wpcaro\/wp-content\/uploads\/2025\/03\/exp_col3d.jpg\" data-light-image=\"https:\/\/caroayala.com\/wpcaro\/wp-content\/uploads\/2025\/03\/exp_col3d.jpg\" data-id=\"564\" class=\"wp-image-564\" srcset=\"https:\/\/caroayala.com\/wpcaro\/wp-content\/uploads\/2025\/03\/exp_col3d-768x1024.jpg 768w, https:\/\/caroayala.com\/wpcaro\/wp-content\/uploads\/2025\/03\/exp_col3d-225x300.jpg 225w, https:\/\/caroayala.com\/wpcaro\/wp-content\/uploads\/2025\/03\/exp_col3d.jpg 810w\" sizes=\"auto, (max-width: 768px) 100vw, 768px\" \/><\/div><\/div><\/figure><\/div><\/li><li class=\"kadence-blocks-gallery-item\" tabindex=\"0\"><div class=\"kadence-blocks-gallery-item-inner\"><figure class=\"kb-gallery-figure kadence-blocks-gallery-item-hide-caption\"><div class=\"kb-gal-image-radius\" style=\"max-width:768px;\"><div class=\"kb-gallery-image-contain kadence-blocks-gallery-intrinsic\" style=\"padding-bottom:133%;\"><img loading=\"lazy\" decoding=\"async\" src=\"https:\/\/caroayala.com\/wpcaro\/wp-content\/uploads\/2025\/03\/exp_col3e-768x1024.jpg\" width=\"768\" height=\"1024\" alt=\"\" data-full-image=\"https:\/\/caroayala.com\/wpcaro\/wp-content\/uploads\/2025\/03\/exp_col3e.jpg\" data-light-image=\"https:\/\/caroayala.com\/wpcaro\/wp-content\/uploads\/2025\/03\/exp_col3e.jpg\" data-id=\"565\" class=\"wp-image-565\" srcset=\"https:\/\/caroayala.com\/wpcaro\/wp-content\/uploads\/2025\/03\/exp_col3e-768x1024.jpg 768w, https:\/\/caroayala.com\/wpcaro\/wp-content\/uploads\/2025\/03\/exp_col3e-225x300.jpg 225w, https:\/\/caroayala.com\/wpcaro\/wp-content\/uploads\/2025\/03\/exp_col3e.jpg 810w\" sizes=\"auto, (max-width: 768px) 100vw, 768px\" \/><\/div><\/div><\/figure><\/div><\/li><li class=\"kadence-blocks-gallery-item\" tabindex=\"0\"><div class=\"kadence-blocks-gallery-item-inner\"><figure class=\"kb-gallery-figure kadence-blocks-gallery-item-hide-caption\"><div class=\"kb-gal-image-radius\" style=\"max-width:1024px;\"><div class=\"kb-gallery-image-contain kadence-blocks-gallery-intrinsic\" style=\"padding-bottom:75%;\"><img loading=\"lazy\" decoding=\"async\" src=\"https:\/\/caroayala.com\/wpcaro\/wp-content\/uploads\/2025\/03\/exp_col3c-1024x768.jpg\" width=\"1024\" height=\"768\" alt=\"\" data-full-image=\"https:\/\/caroayala.com\/wpcaro\/wp-content\/uploads\/2025\/03\/exp_col3c.jpg\" data-light-image=\"https:\/\/caroayala.com\/wpcaro\/wp-content\/uploads\/2025\/03\/exp_col3c.jpg\" data-id=\"566\" class=\"wp-image-566\" srcset=\"https:\/\/caroayala.com\/wpcaro\/wp-content\/uploads\/2025\/03\/exp_col3c-1024x768.jpg 1024w, https:\/\/caroayala.com\/wpcaro\/wp-content\/uploads\/2025\/03\/exp_col3c-300x225.jpg 300w, https:\/\/caroayala.com\/wpcaro\/wp-content\/uploads\/2025\/03\/exp_col3c-768x576.jpg 768w, https:\/\/caroayala.com\/wpcaro\/wp-content\/uploads\/2025\/03\/exp_col3c.jpg 1080w\" sizes=\"auto, (max-width: 1024px) 100vw, 1024px\" \/><\/div><\/div><\/figure><\/div><\/li><\/ul><\/div>\n\n\n<div style=\"height:95px\" aria-hidden=\"true\" class=\"wp-block-spacer\"><\/div>\n\n\n\n<div class=\"wp-block-columns is-layout-flex wp-container-core-columns-is-layout-9d6595d7 wp-block-columns-is-layout-flex\">\n<div class=\"wp-block-column is-layout-flow wp-block-column-is-layout-flow\" style=\"flex-basis:33.33%\">\n<p class=\"has-text-align-center\">2022<\/p>\n<\/div>\n\n\n\n<div class=\"wp-block-column is-layout-flow wp-block-column-is-layout-flow\" style=\"flex-basis:66.66%\">\n<p>I see my sea, Trotter\u00b4s Art Gallery. Merida, Mexique.<\/p>\n<\/div>\n<\/div>\n\n\n\n<div class=\"wp-block-columns is-layout-flex wp-container-core-columns-is-layout-9d6595d7 wp-block-columns-is-layout-flex\">\n<div class=\"wp-block-column is-layout-flow wp-block-column-is-layout-flow\" style=\"flex-basis:25%\"><\/div>\n\n\n\n<div class=\"wp-block-column is-layout-flow wp-block-column-is-layout-flow\" style=\"flex-basis:50%\">\n<figure class=\"wp-block-image size-large\"><img loading=\"lazy\" decoding=\"async\" width=\"768\" height=\"1024\" src=\"https:\/\/caroayala.com\/wpcaro\/wp-content\/uploads\/2025\/03\/expCol4a-768x1024.jpg\" alt=\"\" class=\"wp-image-571\" srcset=\"https:\/\/caroayala.com\/wpcaro\/wp-content\/uploads\/2025\/03\/expCol4a-768x1024.jpg 768w, https:\/\/caroayala.com\/wpcaro\/wp-content\/uploads\/2025\/03\/expCol4a-225x300.jpg 225w, https:\/\/caroayala.com\/wpcaro\/wp-content\/uploads\/2025\/03\/expCol4a.jpg 810w\" sizes=\"auto, (max-width: 768px) 100vw, 768px\" \/><\/figure>\n<\/div>\n\n\n\n<div class=\"wp-block-column is-layout-flow wp-block-column-is-layout-flow\" style=\"flex-basis:25%\"><\/div>\n<\/div>\n","protected":false},"excerpt":{"rendered":"<p>Expositions individuelles 2022 La mort et les autres r\u00e9alit\u00e9s de l&#8217;art, exposition personnelle et conf\u00e9rence,H\u00f4tel Decu Downtown. Merida, Mexique. Expositions collectives 2023 8 abstracciones en 2 Mundos, Galer\u00eda Dos Mundos. Merida, Mexique. 2023 Illusion, Van Gogh Art Gallery. Madrid, Espagne. 2023 International Contemporary Art Fair, Espace Fontvieille. Principaut\u00e9 de Monaco. 2022 I see my sea, &#8230; <a title=\"Expositions\" class=\"read-more\" href=\"https:\/\/caroayala.com\/wpcaro\/fr\/expositions\/\" aria-label=\"Leer m\u00e1s sobre Expositions\">Leer m\u00e1s<\/a><\/p>\n","protected":false},"author":1,"featured_media":0,"parent":0,"menu_order":0,"comment_status":"closed","ping_status":"closed","template":"","meta":{"qubely_global_settings":"","qubely_interactions":"","footnotes":""},"class_list":["post-578","page","type-page","status-publish"],"_links":{"self":[{"href":"https:\/\/caroayala.com\/wpcaro\/wp-json\/wp\/v2\/pages\/578","targetHints":{"allow":["GET"]}}],"collection":[{"href":"https:\/\/caroayala.com\/wpcaro\/wp-json\/wp\/v2\/pages"}],"about":[{"href":"https:\/\/caroayala.com\/wpcaro\/wp-json\/wp\/v2\/types\/page"}],"author":[{"embeddable":true,"href":"https:\/\/caroayala.com\/wpcaro\/wp-json\/wp\/v2\/users\/1"}],"replies":[{"embeddable":true,"href":"https:\/\/caroayala.com\/wpcaro\/wp-json\/wp\/v2\/comments?post=578"}],"version-history":[{"count":3,"href":"https:\/\/caroayala.com\/wpcaro\/wp-json\/wp\/v2\/pages\/578\/revisions"}],"predecessor-version":[{"id":586,"href":"https:\/\/caroayala.com\/wpcaro\/wp-json\/wp\/v2\/pages\/578\/revisions\/586"}],"wp:attachment":[{"href":"https:\/\/caroayala.com\/wpcaro\/wp-json\/wp\/v2\/media?parent=578"}],"curies":[{"name":"wp","href":"https:\/\/api.w.org\/{rel}","templated":true}]}}