{"id":383,"date":"2025-03-09T00:45:34","date_gmt":"2025-03-09T00:45:34","guid":{"rendered":"https:\/\/caroayala.com\/wpcaro\/?page_id=383"},"modified":"2025-03-10T19:45:55","modified_gmt":"2025-03-10T19:45:55","slug":"prensa","status":"publish","type":"page","link":"https:\/\/caroayala.com\/wpcaro\/es\/prensa\/","title":{"rendered":"Prensa"},"content":{"rendered":"\n<p><a href=\"https:\/\/caroayala.com\/wpcaro\/wp-admin\/edit.php?post_type=page\"><\/a><\/p>\n\n\n<div class=\"wp-block-image\">\n<figure class=\"aligncenter size-full\"><img loading=\"lazy\" decoding=\"async\" width=\"780\" height=\"581\" src=\"https:\/\/caroayala.com\/wpcaro\/wp-content\/uploads\/2025\/03\/prensa_caroayala.jpg\" alt=\"\" class=\"wp-image-434\" srcset=\"https:\/\/caroayala.com\/wpcaro\/wp-content\/uploads\/2025\/03\/prensa_caroayala.jpg 780w, https:\/\/caroayala.com\/wpcaro\/wp-content\/uploads\/2025\/03\/prensa_caroayala-300x223.jpg 300w, https:\/\/caroayala.com\/wpcaro\/wp-content\/uploads\/2025\/03\/prensa_caroayala-768x572.jpg 768w\" sizes=\"auto, (max-width: 780px) 100vw, 780px\" \/><\/figure>\n<\/div>\n\n\n<p>&#8211;<\/p>\n\n\n\n<p class=\"has-text-align-center\">Diario de Yucat\u00e1n, \u201cLienzos de emociones\u201d, secci\u00f3n Imagen, p\u00e1g. M\u00e9xico,<br><a href=\"https:\/\/www.yucatan.com.mx\/imagen\/2023\/11\/30\/lienzos-de-emociones.html  \">https:\/\/www.yucatan.com.mx\/imagen\/2023\/11\/30\/lienzos-de-emociones.html  <\/a><\/p>\n\n\n\n<p><\/p>\n","protected":false},"excerpt":{"rendered":"<p>&#8211; Diario de Yucat\u00e1n, \u201cLienzos de emociones\u201d, secci\u00f3n Imagen, p\u00e1g. M\u00e9xico,https:\/\/www.yucatan.com.mx\/imagen\/2023\/11\/30\/lienzos-de-emociones.html<\/p>\n","protected":false},"author":1,"featured_media":0,"parent":0,"menu_order":0,"comment_status":"closed","ping_status":"closed","template":"","meta":{"qubely_global_settings":"","qubely_interactions":"","footnotes":""},"class_list":["post-383","page","type-page","status-publish"],"_links":{"self":[{"href":"https:\/\/caroayala.com\/wpcaro\/wp-json\/wp\/v2\/pages\/383","targetHints":{"allow":["GET"]}}],"collection":[{"href":"https:\/\/caroayala.com\/wpcaro\/wp-json\/wp\/v2\/pages"}],"about":[{"href":"https:\/\/caroayala.com\/wpcaro\/wp-json\/wp\/v2\/types\/page"}],"author":[{"embeddable":true,"href":"https:\/\/caroayala.com\/wpcaro\/wp-json\/wp\/v2\/users\/1"}],"replies":[{"embeddable":true,"href":"https:\/\/caroayala.com\/wpcaro\/wp-json\/wp\/v2\/comments?post=383"}],"version-history":[{"count":4,"href":"https:\/\/caroayala.com\/wpcaro\/wp-json\/wp\/v2\/pages\/383\/revisions"}],"predecessor-version":[{"id":437,"href":"https:\/\/caroayala.com\/wpcaro\/wp-json\/wp\/v2\/pages\/383\/revisions\/437"}],"wp:attachment":[{"href":"https:\/\/caroayala.com\/wpcaro\/wp-json\/wp\/v2\/media?parent=383"}],"curies":[{"name":"wp","href":"https:\/\/api.w.org\/{rel}","templated":true}]}}