{"id":378,"date":"2025-03-09T00:48:23","date_gmt":"2025-03-09T00:48:23","guid":{"rendered":"https:\/\/caroayala.com\/wpcaro\/?page_id=378"},"modified":"2025-03-18T18:19:04","modified_gmt":"2025-03-18T18:19:04","slug":"exposiciones","status":"publish","type":"page","link":"https:\/\/caroayala.com\/wpcaro\/es\/exposiciones\/","title":{"rendered":"Exposiciones"},"content":{"rendered":"\n<h3 class=\"wp-block-heading\">Exposiciones individuales<\/h3>\n\n\n\n<div class=\"wp-block-columns is-layout-flex wp-container-core-columns-is-layout-9d6595d7 wp-block-columns-is-layout-flex\">\n<div class=\"wp-block-column is-layout-flow wp-block-column-is-layout-flow\" style=\"flex-basis:20%\">\n<p class=\"has-text-align-center\">2022<\/p>\n<\/div>\n\n\n\n<div class=\"wp-block-column is-layout-flow wp-block-column-is-layout-flow\" style=\"flex-basis:80%\">\n<p>La muerte y las otras realidades en el arte, exposici\u00f3n individual y charla, Hotel Decu Downtown. M\u00e9rida, M\u00e9xico.<\/p>\n<\/div>\n<\/div>\n\n\n\n<div class=\"wp-block-columns is-layout-flex wp-container-core-columns-is-layout-9d6595d7 wp-block-columns-is-layout-flex\">\n<div class=\"wp-block-column is-layout-flow wp-block-column-is-layout-flow\">\n<figure class=\"wp-block-image size-large is-resized\"><img loading=\"lazy\" decoding=\"async\" width=\"1024\" height=\"876\" src=\"https:\/\/caroayala.com\/wpcaro\/wp-content\/uploads\/2025\/03\/exp_ind1-1024x876.jpg\" alt=\"\" class=\"wp-image-540\" style=\"width:auto;height:410px\" srcset=\"https:\/\/caroayala.com\/wpcaro\/wp-content\/uploads\/2025\/03\/exp_ind1-1024x876.jpg 1024w, https:\/\/caroayala.com\/wpcaro\/wp-content\/uploads\/2025\/03\/exp_ind1-300x257.jpg 300w, https:\/\/caroayala.com\/wpcaro\/wp-content\/uploads\/2025\/03\/exp_ind1-768x657.jpg 768w, https:\/\/caroayala.com\/wpcaro\/wp-content\/uploads\/2025\/03\/exp_ind1.jpg 1080w\" sizes=\"auto, (max-width: 1024px) 100vw, 1024px\" \/><\/figure>\n<\/div>\n\n\n\n<div class=\"wp-block-column is-layout-flow wp-block-column-is-layout-flow\">\n<figure class=\"wp-block-image size-large is-resized\"><img loading=\"lazy\" decoding=\"async\" width=\"1024\" height=\"768\" src=\"https:\/\/caroayala.com\/wpcaro\/wp-content\/uploads\/2025\/03\/exp_ind2-1024x768.jpg\" alt=\"\" class=\"wp-image-541\" style=\"width:auto;height:450px\" srcset=\"https:\/\/caroayala.com\/wpcaro\/wp-content\/uploads\/2025\/03\/exp_ind2-1024x768.jpg 1024w, https:\/\/caroayala.com\/wpcaro\/wp-content\/uploads\/2025\/03\/exp_ind2-300x225.jpg 300w, https:\/\/caroayala.com\/wpcaro\/wp-content\/uploads\/2025\/03\/exp_ind2-768x576.jpg 768w, https:\/\/caroayala.com\/wpcaro\/wp-content\/uploads\/2025\/03\/exp_ind2.jpg 1080w\" sizes=\"auto, (max-width: 1024px) 100vw, 1024px\" \/><\/figure>\n<\/div>\n<\/div>\n\n\n\n<h3 class=\"wp-block-heading\">Exposiciones colectivas<\/h3>\n\n\n\n<div class=\"wp-block-columns is-layout-flex wp-container-core-columns-is-layout-9d6595d7 wp-block-columns-is-layout-flex\">\n<div class=\"wp-block-column is-layout-flow wp-block-column-is-layout-flow\" style=\"flex-basis:33.33%\">\n<p class=\"has-text-align-center\">2023<\/p>\n<\/div>\n\n\n\n<div class=\"wp-block-column is-layout-flow wp-block-column-is-layout-flow\" style=\"flex-basis:66.66%\">\n<p>8 abstracciones en 2 Mundos, Galer\u00eda Dos Mundos. M\u00e9rida, M\u00e9xico.<\/p>\n<\/div>\n<\/div>\n\n\n\n<div class=\"wp-block-columns is-layout-flex wp-container-core-columns-is-layout-9d6595d7 wp-block-columns-is-layout-flex\">\n<div class=\"wp-block-column is-layout-flow wp-block-column-is-layout-flow\"><div class=\"wp-block-image\">\n<figure class=\"aligncenter size-large\"><img loading=\"lazy\" decoding=\"async\" width=\"1024\" height=\"888\" src=\"https:\/\/caroayala.com\/wpcaro\/wp-content\/uploads\/2025\/03\/exp_col-1024x888.jpg\" alt=\"\" class=\"wp-image-542\" style=\"aspect-ratio:3\/2;object-fit:cover\" srcset=\"https:\/\/caroayala.com\/wpcaro\/wp-content\/uploads\/2025\/03\/exp_col-1024x888.jpg 1024w, https:\/\/caroayala.com\/wpcaro\/wp-content\/uploads\/2025\/03\/exp_col-300x260.jpg 300w, https:\/\/caroayala.com\/wpcaro\/wp-content\/uploads\/2025\/03\/exp_col-768x666.jpg 768w, https:\/\/caroayala.com\/wpcaro\/wp-content\/uploads\/2025\/03\/exp_col.jpg 1080w\" sizes=\"auto, (max-width: 1024px) 100vw, 1024px\" \/><\/figure>\n<\/div><\/div>\n<\/div>\n\n\n\n<div style=\"height:72px\" aria-hidden=\"true\" class=\"wp-block-spacer\"><\/div>\n\n\n\n<div class=\"wp-block-columns is-layout-flex wp-container-core-columns-is-layout-9d6595d7 wp-block-columns-is-layout-flex\">\n<div class=\"wp-block-column is-layout-flow wp-block-column-is-layout-flow\"><\/div>\n\n\n\n<div class=\"wp-block-column is-layout-flow wp-block-column-is-layout-flow\"><\/div>\n<\/div>\n\n\n\n<div class=\"wp-block-columns is-layout-flex wp-container-core-columns-is-layout-9d6595d7 wp-block-columns-is-layout-flex\">\n<div class=\"wp-block-column is-layout-flow wp-block-column-is-layout-flow\" style=\"flex-basis:33.33%\">\n<p class=\"has-text-align-center\">2023<\/p>\n<\/div>\n\n\n\n<div class=\"wp-block-column is-layout-flow wp-block-column-is-layout-flow\" style=\"flex-basis:66.66%\">\n<p>Illusion, Van Gogh Art Gallery. Madrid, Espa\u00f1a.<\/p>\n<\/div>\n<\/div>\n\n\n\n<div class=\"wp-block-columns is-layout-flex wp-container-core-columns-is-layout-9d6595d7 wp-block-columns-is-layout-flex\">\n<div class=\"wp-block-column is-layout-flow wp-block-column-is-layout-flow\">\n<figure class=\"wp-block-image size-large\"><img loading=\"lazy\" decoding=\"async\" width=\"1024\" height=\"770\" src=\"https:\/\/caroayala.com\/wpcaro\/wp-content\/uploads\/2025\/03\/exp_col2a-1024x770.jpg\" alt=\"\" class=\"wp-image-545\" srcset=\"https:\/\/caroayala.com\/wpcaro\/wp-content\/uploads\/2025\/03\/exp_col2a-1024x770.jpg 1024w, https:\/\/caroayala.com\/wpcaro\/wp-content\/uploads\/2025\/03\/exp_col2a-300x225.jpg 300w, https:\/\/caroayala.com\/wpcaro\/wp-content\/uploads\/2025\/03\/exp_col2a-768x577.jpg 768w, https:\/\/caroayala.com\/wpcaro\/wp-content\/uploads\/2025\/03\/exp_col2a.jpg 1079w\" sizes=\"auto, (max-width: 1024px) 100vw, 1024px\" \/><\/figure>\n<\/div>\n\n\n\n<div class=\"wp-block-column is-layout-flow wp-block-column-is-layout-flow\">\n<figure class=\"wp-block-image size-large\"><img loading=\"lazy\" decoding=\"async\" width=\"1024\" height=\"768\" src=\"https:\/\/caroayala.com\/wpcaro\/wp-content\/uploads\/2025\/03\/exp_col2b-1024x768.jpg\" alt=\"\" class=\"wp-image-546\" srcset=\"https:\/\/caroayala.com\/wpcaro\/wp-content\/uploads\/2025\/03\/exp_col2b-1024x768.jpg 1024w, https:\/\/caroayala.com\/wpcaro\/wp-content\/uploads\/2025\/03\/exp_col2b-300x225.jpg 300w, https:\/\/caroayala.com\/wpcaro\/wp-content\/uploads\/2025\/03\/exp_col2b-768x576.jpg 768w, https:\/\/caroayala.com\/wpcaro\/wp-content\/uploads\/2025\/03\/exp_col2b.jpg 1082w\" sizes=\"auto, (max-width: 1024px) 100vw, 1024px\" \/><\/figure>\n<\/div>\n<\/div>\n\n\n\n<div class=\"wp-block-columns is-layout-flex wp-container-core-columns-is-layout-9d6595d7 wp-block-columns-is-layout-flex\">\n<div class=\"wp-block-column is-layout-flow wp-block-column-is-layout-flow\"><div class=\"wp-block-image\">\n<figure class=\"aligncenter size-large\"><img loading=\"lazy\" decoding=\"async\" width=\"1024\" height=\"770\" src=\"https:\/\/caroayala.com\/wpcaro\/wp-content\/uploads\/2025\/03\/exp_col2c-1024x770.jpg\" alt=\"\" class=\"wp-image-547\" style=\"aspect-ratio:3\/2;object-fit:contain\" srcset=\"https:\/\/caroayala.com\/wpcaro\/wp-content\/uploads\/2025\/03\/exp_col2c-1024x770.jpg 1024w, https:\/\/caroayala.com\/wpcaro\/wp-content\/uploads\/2025\/03\/exp_col2c-300x225.jpg 300w, https:\/\/caroayala.com\/wpcaro\/wp-content\/uploads\/2025\/03\/exp_col2c-768x577.jpg 768w, https:\/\/caroayala.com\/wpcaro\/wp-content\/uploads\/2025\/03\/exp_col2c.jpg 1079w\" sizes=\"auto, (max-width: 1024px) 100vw, 1024px\" \/><\/figure>\n<\/div><\/div>\n<\/div>\n\n\n\n<div style=\"height:72px\" aria-hidden=\"true\" class=\"wp-block-spacer\"><\/div>\n\n\n\n<div class=\"wp-block-columns is-layout-flex wp-container-core-columns-is-layout-9d6595d7 wp-block-columns-is-layout-flex\">\n<div class=\"wp-block-column is-layout-flow wp-block-column-is-layout-flow\" style=\"flex-basis:33.33%\">\n<p class=\"has-text-align-center\">2023<\/p>\n<\/div>\n\n\n\n<div class=\"wp-block-column is-layout-flow wp-block-column-is-layout-flow\" style=\"flex-basis:66.66%\">\n<p>International Contemporary Art Fair, Espace Fontvieille. Principado de M\u00f3naco<\/p>\n<\/div>\n<\/div>\n\n\n<style>.wp-block-kadence-advancedgallery .kb-gallery-type-masonry.kb-gallery-id-378_2947e2-ad{margin:-5px;}.kb-gallery-type-masonry.kb-gallery-id-378_2947e2-ad .kadence-blocks-gallery-item{padding:5px;}.kb-gallery-id-378_2947e2-ad .kadence-blocks-gallery-item .kb-gal-image-radius, .kb-gallery-id-378_2947e2-ad .kb-slide-item .kb-gal-image-radius img{border-radius:0px 0px 0px 0px;;}<\/style><div class=\"kb-gallery-wrap-id-378_2947e2-ad alignnone wp-block-kadence-advancedgallery\"><ul class=\"kb-gallery-ul kb-gallery-non-static kb-gallery-type-masonry kb-masonry-init kb-gallery-id-378_2947e2-ad kb-gallery-caption-style-bottom-hover kb-gallery-filter-none\" data-image-filter=\"none\" data-item-selector=\".kadence-blocks-gallery-item\" data-lightbox-caption=\"true\" data-columns-xxl=\"2\" data-columns-xl=\"2\" data-columns-md=\"2\" data-columns-sm=\"2\" data-columns-xs=\"1\" data-columns-ss=\"1\"><li class=\"kadence-blocks-gallery-item\" tabindex=\"0\"><div class=\"kadence-blocks-gallery-item-inner\"><figure class=\"kb-gallery-figure kadence-blocks-gallery-item-hide-caption\"><div class=\"kb-gal-image-radius\" style=\"max-width:724px;\"><div class=\"kb-gallery-image-contain kadence-blocks-gallery-intrinsic\" style=\"padding-bottom:141%;\"><img loading=\"lazy\" decoding=\"async\" src=\"https:\/\/caroayala.com\/wpcaro\/wp-content\/uploads\/2025\/03\/exp_col3a-724x1024.jpg\" width=\"724\" height=\"1024\" alt=\"\" data-full-image=\"https:\/\/caroayala.com\/wpcaro\/wp-content\/uploads\/2025\/03\/exp_col3a.jpg\" data-light-image=\"https:\/\/caroayala.com\/wpcaro\/wp-content\/uploads\/2025\/03\/exp_col3a.jpg\" data-id=\"560\" class=\"wp-image-560\" srcset=\"https:\/\/caroayala.com\/wpcaro\/wp-content\/uploads\/2025\/03\/exp_col3a-724x1024.jpg 724w, https:\/\/caroayala.com\/wpcaro\/wp-content\/uploads\/2025\/03\/exp_col3a-212x300.jpg 212w, https:\/\/caroayala.com\/wpcaro\/wp-content\/uploads\/2025\/03\/exp_col3a.jpg 764w\" sizes=\"auto, (max-width: 724px) 100vw, 724px\" \/><\/div><\/div><\/figure><\/div><\/li><li class=\"kadence-blocks-gallery-item\" tabindex=\"0\"><div class=\"kadence-blocks-gallery-item-inner\"><figure class=\"kb-gallery-figure kadence-blocks-gallery-item-hide-caption\"><div class=\"kb-gal-image-radius\" style=\"max-width:1024px;\"><div class=\"kb-gallery-image-contain kadence-blocks-gallery-intrinsic\" style=\"padding-bottom:75%;\"><img loading=\"lazy\" decoding=\"async\" src=\"https:\/\/caroayala.com\/wpcaro\/wp-content\/uploads\/2025\/03\/exp_col3b-1024x768.jpg\" width=\"1024\" height=\"768\" alt=\"\" data-full-image=\"https:\/\/caroayala.com\/wpcaro\/wp-content\/uploads\/2025\/03\/exp_col3b.jpg\" data-light-image=\"https:\/\/caroayala.com\/wpcaro\/wp-content\/uploads\/2025\/03\/exp_col3b.jpg\" data-id=\"561\" class=\"wp-image-561\" srcset=\"https:\/\/caroayala.com\/wpcaro\/wp-content\/uploads\/2025\/03\/exp_col3b-1024x768.jpg 1024w, https:\/\/caroayala.com\/wpcaro\/wp-content\/uploads\/2025\/03\/exp_col3b-300x225.jpg 300w, https:\/\/caroayala.com\/wpcaro\/wp-content\/uploads\/2025\/03\/exp_col3b-768x576.jpg 768w, https:\/\/caroayala.com\/wpcaro\/wp-content\/uploads\/2025\/03\/exp_col3b.jpg 1080w\" sizes=\"auto, (max-width: 1024px) 100vw, 1024px\" \/><\/div><\/div><\/figure><\/div><\/li><li class=\"kadence-blocks-gallery-item\" tabindex=\"0\"><div class=\"kadence-blocks-gallery-item-inner\"><figure class=\"kb-gallery-figure kadence-blocks-gallery-item-hide-caption\"><div class=\"kb-gal-image-radius\" style=\"max-width:768px;\"><div class=\"kb-gallery-image-contain kadence-blocks-gallery-intrinsic\" style=\"padding-bottom:133%;\"><img loading=\"lazy\" decoding=\"async\" src=\"https:\/\/caroayala.com\/wpcaro\/wp-content\/uploads\/2025\/03\/exp_col3d-768x1024.jpg\" width=\"768\" height=\"1024\" alt=\"\" data-full-image=\"https:\/\/caroayala.com\/wpcaro\/wp-content\/uploads\/2025\/03\/exp_col3d.jpg\" data-light-image=\"https:\/\/caroayala.com\/wpcaro\/wp-content\/uploads\/2025\/03\/exp_col3d.jpg\" data-id=\"564\" class=\"wp-image-564\" srcset=\"https:\/\/caroayala.com\/wpcaro\/wp-content\/uploads\/2025\/03\/exp_col3d-768x1024.jpg 768w, https:\/\/caroayala.com\/wpcaro\/wp-content\/uploads\/2025\/03\/exp_col3d-225x300.jpg 225w, https:\/\/caroayala.com\/wpcaro\/wp-content\/uploads\/2025\/03\/exp_col3d.jpg 810w\" sizes=\"auto, (max-width: 768px) 100vw, 768px\" \/><\/div><\/div><\/figure><\/div><\/li><li class=\"kadence-blocks-gallery-item\" tabindex=\"0\"><div class=\"kadence-blocks-gallery-item-inner\"><figure class=\"kb-gallery-figure kadence-blocks-gallery-item-hide-caption\"><div class=\"kb-gal-image-radius\" style=\"max-width:768px;\"><div class=\"kb-gallery-image-contain kadence-blocks-gallery-intrinsic\" style=\"padding-bottom:133%;\"><img loading=\"lazy\" decoding=\"async\" src=\"https:\/\/caroayala.com\/wpcaro\/wp-content\/uploads\/2025\/03\/exp_col3e-768x1024.jpg\" width=\"768\" height=\"1024\" alt=\"\" data-full-image=\"https:\/\/caroayala.com\/wpcaro\/wp-content\/uploads\/2025\/03\/exp_col3e.jpg\" data-light-image=\"https:\/\/caroayala.com\/wpcaro\/wp-content\/uploads\/2025\/03\/exp_col3e.jpg\" data-id=\"565\" class=\"wp-image-565\" srcset=\"https:\/\/caroayala.com\/wpcaro\/wp-content\/uploads\/2025\/03\/exp_col3e-768x1024.jpg 768w, https:\/\/caroayala.com\/wpcaro\/wp-content\/uploads\/2025\/03\/exp_col3e-225x300.jpg 225w, https:\/\/caroayala.com\/wpcaro\/wp-content\/uploads\/2025\/03\/exp_col3e.jpg 810w\" sizes=\"auto, (max-width: 768px) 100vw, 768px\" \/><\/div><\/div><\/figure><\/div><\/li><li class=\"kadence-blocks-gallery-item\" tabindex=\"0\"><div class=\"kadence-blocks-gallery-item-inner\"><figure class=\"kb-gallery-figure kadence-blocks-gallery-item-hide-caption\"><div class=\"kb-gal-image-radius\" style=\"max-width:1024px;\"><div class=\"kb-gallery-image-contain kadence-blocks-gallery-intrinsic\" style=\"padding-bottom:75%;\"><img loading=\"lazy\" decoding=\"async\" src=\"https:\/\/caroayala.com\/wpcaro\/wp-content\/uploads\/2025\/03\/exp_col3c-1024x768.jpg\" width=\"1024\" height=\"768\" alt=\"\" data-full-image=\"https:\/\/caroayala.com\/wpcaro\/wp-content\/uploads\/2025\/03\/exp_col3c.jpg\" data-light-image=\"https:\/\/caroayala.com\/wpcaro\/wp-content\/uploads\/2025\/03\/exp_col3c.jpg\" data-id=\"566\" class=\"wp-image-566\" srcset=\"https:\/\/caroayala.com\/wpcaro\/wp-content\/uploads\/2025\/03\/exp_col3c-1024x768.jpg 1024w, https:\/\/caroayala.com\/wpcaro\/wp-content\/uploads\/2025\/03\/exp_col3c-300x225.jpg 300w, https:\/\/caroayala.com\/wpcaro\/wp-content\/uploads\/2025\/03\/exp_col3c-768x576.jpg 768w, https:\/\/caroayala.com\/wpcaro\/wp-content\/uploads\/2025\/03\/exp_col3c.jpg 1080w\" sizes=\"auto, (max-width: 1024px) 100vw, 1024px\" \/><\/div><\/div><\/figure><\/div><\/li><\/ul><\/div>\n\n\n<div style=\"height:95px\" aria-hidden=\"true\" class=\"wp-block-spacer\"><\/div>\n\n\n\n<div class=\"wp-block-columns is-layout-flex wp-container-core-columns-is-layout-9d6595d7 wp-block-columns-is-layout-flex\">\n<div class=\"wp-block-column is-layout-flow wp-block-column-is-layout-flow\" style=\"flex-basis:33.33%\">\n<p class=\"has-text-align-center\">2022<\/p>\n<\/div>\n\n\n\n<div class=\"wp-block-column is-layout-flow wp-block-column-is-layout-flow\" style=\"flex-basis:66.66%\">\n<p>I see my sea, Trotter\u00b4s Art Gallery. M\u00e9rida, M\u00e9xico.<\/p>\n<\/div>\n<\/div>\n\n\n\n<div class=\"wp-block-columns is-layout-flex wp-container-core-columns-is-layout-9d6595d7 wp-block-columns-is-layout-flex\">\n<div class=\"wp-block-column is-layout-flow wp-block-column-is-layout-flow\" style=\"flex-basis:25%\"><\/div>\n\n\n\n<div class=\"wp-block-column is-layout-flow wp-block-column-is-layout-flow\" style=\"flex-basis:50%\">\n<figure class=\"wp-block-image size-large\"><img loading=\"lazy\" decoding=\"async\" width=\"768\" height=\"1024\" src=\"https:\/\/caroayala.com\/wpcaro\/wp-content\/uploads\/2025\/03\/expCol4a-768x1024.jpg\" alt=\"\" class=\"wp-image-571\" srcset=\"https:\/\/caroayala.com\/wpcaro\/wp-content\/uploads\/2025\/03\/expCol4a-768x1024.jpg 768w, https:\/\/caroayala.com\/wpcaro\/wp-content\/uploads\/2025\/03\/expCol4a-225x300.jpg 225w, https:\/\/caroayala.com\/wpcaro\/wp-content\/uploads\/2025\/03\/expCol4a.jpg 810w\" sizes=\"auto, (max-width: 768px) 100vw, 768px\" \/><\/figure>\n<\/div>\n\n\n\n<div class=\"wp-block-column is-layout-flow wp-block-column-is-layout-flow\" style=\"flex-basis:25%\"><\/div>\n<\/div>\n\n\n\n<p><\/p>\n","protected":false},"excerpt":{"rendered":"<p>Exposiciones individuales 2022 La muerte y las otras realidades en el arte, exposici\u00f3n individual y charla, Hotel Decu Downtown. M\u00e9rida, M\u00e9xico. Exposiciones colectivas 2023 8 abstracciones en 2 Mundos, Galer\u00eda Dos Mundos. M\u00e9rida, M\u00e9xico. 2023 Illusion, Van Gogh Art Gallery. Madrid, Espa\u00f1a. 2023 International Contemporary Art Fair, Espace Fontvieille. Principado de M\u00f3naco 2022 I see &#8230; <a title=\"Exposiciones\" class=\"read-more\" href=\"https:\/\/caroayala.com\/wpcaro\/es\/exposiciones\/\" aria-label=\"Leer m\u00e1s sobre Exposiciones\">Leer m\u00e1s<\/a><\/p>\n","protected":false},"author":1,"featured_media":0,"parent":0,"menu_order":0,"comment_status":"closed","ping_status":"closed","template":"","meta":{"qubely_global_settings":"","qubely_interactions":"","footnotes":""},"class_list":["post-378","page","type-page","status-publish"],"_links":{"self":[{"href":"https:\/\/caroayala.com\/wpcaro\/wp-json\/wp\/v2\/pages\/378","targetHints":{"allow":["GET"]}}],"collection":[{"href":"https:\/\/caroayala.com\/wpcaro\/wp-json\/wp\/v2\/pages"}],"about":[{"href":"https:\/\/caroayala.com\/wpcaro\/wp-json\/wp\/v2\/types\/page"}],"author":[{"embeddable":true,"href":"https:\/\/caroayala.com\/wpcaro\/wp-json\/wp\/v2\/users\/1"}],"replies":[{"embeddable":true,"href":"https:\/\/caroayala.com\/wpcaro\/wp-json\/wp\/v2\/comments?post=378"}],"version-history":[{"count":16,"href":"https:\/\/caroayala.com\/wpcaro\/wp-json\/wp\/v2\/pages\/378\/revisions"}],"predecessor-version":[{"id":584,"href":"https:\/\/caroayala.com\/wpcaro\/wp-json\/wp\/v2\/pages\/378\/revisions\/584"}],"wp:attachment":[{"href":"https:\/\/caroayala.com\/wpcaro\/wp-json\/wp\/v2\/media?parent=378"}],"curies":[{"name":"wp","href":"https:\/\/api.w.org\/{rel}","templated":true}]}}