{"id":361,"date":"2025-03-06T05:15:13","date_gmt":"2025-03-06T05:15:13","guid":{"rendered":"https:\/\/caroayala.com\/wpcaro\/?page_id=361"},"modified":"2025-03-19T22:11:44","modified_gmt":"2025-03-19T22:11:44","slug":"biography","status":"publish","type":"page","link":"https:\/\/caroayala.com\/wpcaro\/biography\/","title":{"rendered":"Biography"},"content":{"rendered":"<div class=\"wp-block-image is-style-rounded\">\n<figure class=\"aligncenter size-large is-resized\"><img loading=\"lazy\" decoding=\"async\" width=\"1024\" height=\"1024\" src=\"https:\/\/caroayala.com\/wpcaro\/wp-content\/uploads\/2025\/03\/CarolinaAyalaAguilarMINI-1024x1024.jpg\" alt=\"\" class=\"wp-image-649\" style=\"aspect-ratio:1;object-fit:contain;width:308px;height:auto\" srcset=\"https:\/\/caroayala.com\/wpcaro\/wp-content\/uploads\/2025\/03\/CarolinaAyalaAguilarMINI-1024x1024.jpg 1024w, https:\/\/caroayala.com\/wpcaro\/wp-content\/uploads\/2025\/03\/CarolinaAyalaAguilarMINI-300x300.jpg 300w, https:\/\/caroayala.com\/wpcaro\/wp-content\/uploads\/2025\/03\/CarolinaAyalaAguilarMINI-150x150.jpg 150w, https:\/\/caroayala.com\/wpcaro\/wp-content\/uploads\/2025\/03\/CarolinaAyalaAguilarMINI-768x768.jpg 768w, https:\/\/caroayala.com\/wpcaro\/wp-content\/uploads\/2025\/03\/CarolinaAyalaAguilarMINI.jpg 1080w\" sizes=\"auto, (max-width: 1024px) 100vw, 1024px\" \/><\/figure>\n<\/div>\n\n\n<p class=\"has-text-align-center\" style=\"font-style:italic;font-weight:600\">Carolina Ayala Aguilar&nbsp;<\/p>\n\n\n\n<p class=\"justify-text has-medium-font-size\">Born in Mexico City in 1986, Carolina is a Mexican artist and designer living in Yucatan, Mexico. She has a Bachelor&#8217;s degree in Architecture and a Master&#8217;s in Product Design and Innovation from Instituto Tecnol\u00f3gico y de Estudios Superiores de Monterrey, Mexico. She also earned a Master of Science in Architectural Lighting Design from the Royal Institute of Technology in Sweden. There, she focused on using the rendering of light in watercolor to tell stories of forced migration from Syria to Sweden. This experience heightened her awareness of the power of art to make essential issues visible. After working as an architect in Germany, she returned to Mexico, where the pandemic helped her realize that expressing herself on canvas was her priority.<\/p>\n\n\n\n<div class=\"wp-block-columns is-layout-flex wp-container-core-columns-is-layout-9d6595d7 wp-block-columns-is-layout-flex\">\n<div class=\"wp-block-column is-layout-flow wp-block-column-is-layout-flow\">\n<p class=\"justify-text\" style=\"font-style:normal;font-weight:300\">In 2021, she was a finalist in the Camaradas Mex-UK Art Competition, organized by the Mexican Embassy in the United Kingdom, and a year later, Carolina joined the exhibition \u00abMigrar, todas las miradas\u00bb at the Museum of the City of M\u00e9rida. Also, in 2022, her exhibition and talk, \u00abDeath and Other Realities in Art,\u00bb took place.<\/p>\n<\/div>\n\n\n\n<div class=\"wp-block-column is-layout-flow wp-block-column-is-layout-flow\">\n<p class=\"justify-text\" style=\"font-style:normal;font-weight:300\">She has participated in group shows in Merida, with the Van Gogh Art Gallery in Madrid, and in the International Contemporary Art Fair Monaco in 2023. She has taken watercolor workshops with artist Agust\u00edn Gonz\u00e1lez and a permanent acrylic painting workshop with artist Ariel Guzm\u00e1n. Beyond these experiences, she is driven by a desire to continue expressing the existence of other worlds and realities, a quest that adds a profound dimension to her art.<\/p>\n<\/div>\n<\/div>\n\n\n\n<div class=\"wp-block-columns is-layout-flex wp-container-core-columns-is-layout-9d6595d7 wp-block-columns-is-layout-flex\">\n<div class=\"wp-block-column is-layout-flow wp-block-column-is-layout-flow\">\n<p><\/p>\n\n\n\n<h2 class=\"wp-block-heading has-text-align-center\">RESUME<\/h2>\n\n\n\n<div class=\"wp-block-columns is-layout-flex wp-container-core-columns-is-layout-9d6595d7 wp-block-columns-is-layout-flex\">\n<div class=\"wp-block-column is-layout-flow wp-block-column-is-layout-flow\" style=\"flex-basis:25%\"><\/div>\n\n\n\n<div class=\"wp-block-column has-contrast-2-color has-text-color has-link-color wp-elements-f185b9d33e099b7fb0a9747756b254e9 is-layout-flow wp-block-column-is-layout-flow\" style=\"flex-basis:80%\">\n<hr class=\"wp-block-separator has-text-color has-contrast-2-color has-alpha-channel-opacity has-contrast-2-background-color has-background is-style-wide\"\/>\n<\/div>\n<\/div>\n\n\n\n<p class=\"has-text-align-center\"><strong>Education<\/strong><\/p>\n\n\n\n<div class=\"wp-block-columns is-layout-flex wp-container-core-columns-is-layout-9d6595d7 wp-block-columns-is-layout-flex\">\n<div class=\"wp-block-column is-layout-flow wp-block-column-is-layout-flow\" style=\"flex-basis:100px\"><\/div>\n\n\n\n<div class=\"wp-block-column is-layout-flow wp-block-column-is-layout-flow\" style=\"flex-basis:250px\">\n<p class=\"has-text-align-right\">2017 &#8211; 2018<\/p>\n<\/div>\n\n\n\n<div class=\"wp-block-column is-layout-flow wp-block-column-is-layout-flow\">\n<p class=\"has-text-align-left\">M.C. Architectural Lighting Design<br>Kungliga Tekniska H\u00f6gskolan, Sweden.<\/p>\n<\/div>\n<\/div>\n\n\n\n<div class=\"wp-block-columns is-layout-flex wp-container-core-columns-is-layout-9d6595d7 wp-block-columns-is-layout-flex\">\n<div class=\"wp-block-column is-layout-flow wp-block-column-is-layout-flow\" style=\"flex-basis:100px\"><\/div>\n\n\n\n<div class=\"wp-block-column is-layout-flow wp-block-column-is-layout-flow\" style=\"flex-basis:250px\">\n<p class=\"has-text-align-right\">2013 &#8211; 2014<\/p>\n<\/div>\n\n\n\n<div class=\"wp-block-column is-layout-flow wp-block-column-is-layout-flow\">\n<p class=\"has-text-align-left\">M. Industrial Design and Product Innovation &#8211; Honorable Mention in Excellence<br>Instituto Tecnol\u00f3gico y de Estudios Superiores de Monterrey, Mexico.<\/p>\n<\/div>\n<\/div>\n\n\n\n<div class=\"wp-block-columns is-layout-flex wp-container-core-columns-is-layout-9d6595d7 wp-block-columns-is-layout-flex\">\n<div class=\"wp-block-column is-layout-flow wp-block-column-is-layout-flow\" style=\"flex-basis:100px\"><\/div>\n\n\n\n<div class=\"wp-block-column is-layout-flow wp-block-column-is-layout-flow\" style=\"flex-basis:250px\">\n<p class=\"has-text-align-right\">2004 &#8211; 2010<\/p>\n<\/div>\n\n\n\n<div class=\"wp-block-column is-layout-flow wp-block-column-is-layout-flow\">\n<p class=\"has-text-align-left\">Bachelor&#8217;s Degree in Architecture &#8211; Honorable Mention<br>Instituto Tecnol\u00f3gico y de Estudios Superiores de Monterrey, M\u00e9xico.<br>\u200bLighting Design.<br>Universidad Diego Portales, Chile.<\/p>\n<\/div>\n<\/div>\n\n\n\n<div class=\"wp-block-columns is-layout-flex wp-container-core-columns-is-layout-9d6595d7 wp-block-columns-is-layout-flex\">\n<div class=\"wp-block-column is-layout-flow wp-block-column-is-layout-flow\" style=\"flex-basis:25%\"><\/div>\n\n\n\n<div class=\"wp-block-column has-contrast-2-color has-text-color has-link-color wp-elements-f185b9d33e099b7fb0a9747756b254e9 is-layout-flow wp-block-column-is-layout-flow\" style=\"flex-basis:80%\">\n<hr class=\"wp-block-separator has-text-color has-contrast-2-color has-alpha-channel-opacity has-contrast-2-background-color has-background is-style-wide\"\/>\n<\/div>\n<\/div>\n\n\n\n<p class=\"has-text-align-center\"><strong>Courses<\/strong><\/p>\n\n\n\n<div class=\"wp-block-columns is-layout-flex wp-container-core-columns-is-layout-9d6595d7 wp-block-columns-is-layout-flex\">\n<div class=\"wp-block-column is-layout-flow wp-block-column-is-layout-flow\" style=\"flex-basis:100px\"><\/div>\n\n\n\n<div class=\"wp-block-column is-layout-flow wp-block-column-is-layout-flow\" style=\"flex-basis:250px\">\n<p class=\"has-text-align-right\"><\/p>\n<\/div>\n\n\n\n<div class=\"wp-block-column is-layout-flow wp-block-column-is-layout-flow\">\n<p class=\"has-text-align-left\">Acrylic Painting Workshop &#8211; M. Ariel Guzm\u00e1n \/ Galer\u00eda Dos Mundos<br>Drawing and Watercolor &#8211; M. Agust\u00edn Gonz\u00e1lez \/ Agust\u00edn Galer\u00eda<\/p>\n<\/div>\n<\/div>\n\n\n\n<div class=\"wp-block-columns is-layout-flex wp-container-core-columns-is-layout-9d6595d7 wp-block-columns-is-layout-flex\">\n<div class=\"wp-block-column is-layout-flow wp-block-column-is-layout-flow\" style=\"flex-basis:25%\"><\/div>\n\n\n\n<div class=\"wp-block-column has-contrast-2-color has-text-color has-link-color wp-elements-f185b9d33e099b7fb0a9747756b254e9 is-layout-flow wp-block-column-is-layout-flow\" style=\"flex-basis:80%\">\n<hr class=\"wp-block-separator has-text-color has-contrast-2-color has-alpha-channel-opacity has-contrast-2-background-color has-background is-style-wide\"\/>\n<\/div>\n<\/div>\n\n\n\n<p class=\"has-text-align-center\"><strong>Solo Exhibitions<\/strong><\/p>\n\n\n\n<div class=\"wp-block-columns is-layout-flex wp-container-core-columns-is-layout-9d6595d7 wp-block-columns-is-layout-flex\">\n<div class=\"wp-block-column is-layout-flow wp-block-column-is-layout-flow\" style=\"flex-basis:100px\"><\/div>\n\n\n\n<div class=\"wp-block-column is-layout-flow wp-block-column-is-layout-flow\" style=\"flex-basis:250px\">\n<p class=\"has-text-align-right\">2022<\/p>\n<\/div>\n\n\n\n<div class=\"wp-block-column is-layout-flow wp-block-column-is-layout-flow\">\n<p class=\"has-text-align-left\">Death and Other Realities in Art, solo exhibition and talk,<br>Decu Downtown Hotel. Merida, Mexico.<\/p>\n<\/div>\n<\/div>\n\n\n\n<div class=\"wp-block-columns is-layout-flex wp-container-core-columns-is-layout-9d6595d7 wp-block-columns-is-layout-flex\">\n<div class=\"wp-block-column is-layout-flow wp-block-column-is-layout-flow\" style=\"flex-basis:25%\"><\/div>\n\n\n\n<div class=\"wp-block-column has-contrast-2-color has-text-color has-link-color wp-elements-f185b9d33e099b7fb0a9747756b254e9 is-layout-flow wp-block-column-is-layout-flow\" style=\"flex-basis:80%\">\n<hr class=\"wp-block-separator has-text-color has-contrast-2-color has-alpha-channel-opacity has-contrast-2-background-color has-background is-style-wide\"\/>\n<\/div>\n<\/div>\n\n\n\n<p class=\"has-text-align-center\"><strong>Group exhibitions<\/strong><\/p>\n\n\n\n<div class=\"wp-block-columns is-layout-flex wp-container-core-columns-is-layout-9d6595d7 wp-block-columns-is-layout-flex\">\n<div class=\"wp-block-column is-layout-flow wp-block-column-is-layout-flow\" style=\"flex-basis:100px\"><\/div>\n\n\n\n<div class=\"wp-block-column is-layout-flow wp-block-column-is-layout-flow\" style=\"flex-basis:250px\">\n<p class=\"has-text-align-right\">2024<\/p>\n<\/div>\n\n\n\n<div class=\"wp-block-column is-layout-flow wp-block-column-is-layout-flow\">\n<p class=\"has-text-align-left\">Summer Exhibition 2024, Lux Perpetua. Merida, Mexico.<\/p>\n<\/div>\n<\/div>\n\n\n\n<div class=\"wp-block-columns is-layout-flex wp-container-core-columns-is-layout-9d6595d7 wp-block-columns-is-layout-flex\">\n<div class=\"wp-block-column is-layout-flow wp-block-column-is-layout-flow\" style=\"flex-basis:100px\"><\/div>\n\n\n\n<div class=\"wp-block-column is-layout-flow wp-block-column-is-layout-flow\" style=\"flex-basis:250px\">\n<p class=\"has-text-align-right\">2023<\/p>\n<\/div>\n\n\n\n<div class=\"wp-block-column is-layout-flow wp-block-column-is-layout-flow\">\n<p class=\"has-text-align-left\">Colores para la Paz, Alianza Francesa. Merida, Mexico.<br>8 abstracciones en 2 Mundos, Galer\u00eda Dos Mundos. Merida, Mexico.<br>\u200bInternational Contemporary Art Fair, Espace Fontvieille. Principality of Monaco.<br>Illusion, Van Gogh Art Gallery. Madrid, Spain. <br>\u200b Yucat\u00e1n celebra a Francia, Alianza Francesa. Merida, Mexico.<br>\u200b Spring Revival, Trotter\u00b4s Art Gallery. Merida, Mexico. <br>\u200b Resurrection Art &#8211; Vinyl Vol. II, Galer\u00eda Dos Mundos. M\u00e9rida, M\u00e9xico.<\/p>\n<\/div>\n<\/div>\n\n\n\n<div class=\"wp-block-columns is-layout-flex wp-container-core-columns-is-layout-9d6595d7 wp-block-columns-is-layout-flex\">\n<div class=\"wp-block-column is-layout-flow wp-block-column-is-layout-flow\" style=\"flex-basis:100px\"><\/div>\n\n\n\n<div class=\"wp-block-column is-layout-flow wp-block-column-is-layout-flow\" style=\"flex-basis:250px\">\n<p class=\"has-text-align-right\">2022<\/p>\n<\/div>\n\n\n\n<div class=\"wp-block-column is-layout-flow wp-block-column-is-layout-flow\">\n<p class=\"has-text-align-left\">Migrar, todas las miradas, Museo de la Ciudad. Merida, Mexico. <br>\u200b I see my sea, Trotter\u00b4s Art Gallery. Merida, Mexico. <br>\u200b 50 x 50 x 50, Galer\u00eda Dos Mundos. Merida, Mexico.<\/p>\n<\/div>\n<\/div>\n\n\n\n<div class=\"wp-block-columns is-layout-flex wp-container-core-columns-is-layout-9d6595d7 wp-block-columns-is-layout-flex\">\n<div class=\"wp-block-column is-layout-flow wp-block-column-is-layout-flow\" style=\"flex-basis:25%\"><\/div>\n\n\n\n<div class=\"wp-block-column has-contrast-2-color has-text-color has-link-color wp-elements-f185b9d33e099b7fb0a9747756b254e9 is-layout-flow wp-block-column-is-layout-flow\" style=\"flex-basis:80%\">\n<hr class=\"wp-block-separator has-text-color has-contrast-2-color has-alpha-channel-opacity has-contrast-2-background-color has-background is-style-wide\"\/>\n<\/div>\n<\/div>\n\n\n\n<p class=\"has-text-align-center\"><strong>Competitions<\/strong><\/p>\n\n\n\n<div class=\"wp-block-columns is-layout-flex wp-container-core-columns-is-layout-9d6595d7 wp-block-columns-is-layout-flex\">\n<div class=\"wp-block-column is-layout-flow wp-block-column-is-layout-flow\" style=\"flex-basis:100px\"><\/div>\n\n\n\n<div class=\"wp-block-column is-layout-flow wp-block-column-is-layout-flow\" style=\"flex-basis:250px\">\n<p class=\"has-text-align-right\">2021<\/p>\n<\/div>\n\n\n\n<div class=\"wp-block-column is-layout-flow wp-block-column-is-layout-flow\">\n<p class=\"has-text-align-left\">Finalist Camaradas Mex-UK Art Competition\/ Embassy of Mexico in the United<br>Kingdom<\/p>\n\n\n\n<p class=\"has-text-align-left\"><\/p>\n<\/div>\n<\/div>\n\n\n\n<div class=\"wp-block-columns is-layout-flex wp-container-core-columns-is-layout-9d6595d7 wp-block-columns-is-layout-flex\">\n<div class=\"wp-block-column is-layout-flow wp-block-column-is-layout-flow\" style=\"flex-basis:25%\"><\/div>\n\n\n\n<div class=\"wp-block-column has-contrast-2-color has-text-color has-link-color wp-elements-f185b9d33e099b7fb0a9747756b254e9 is-layout-flow wp-block-column-is-layout-flow\" style=\"flex-basis:80%\">\n<hr class=\"wp-block-separator has-text-color has-contrast-2-color has-alpha-channel-opacity has-contrast-2-background-color has-background is-style-wide\"\/>\n<\/div>\n<\/div>\n\n\n\n<p><\/p>\n<\/div>\n<\/div>\n\n\n\n<p><\/p>\n","protected":false},"excerpt":{"rendered":"<p>Carolina Ayala Aguilar&nbsp; Born in Mexico City in 1986, Carolina is a Mexican artist and designer living in Yucatan, Mexico. She has a Bachelor&#8217;s degree in Architecture and a Master&#8217;s in Product Design and Innovation from Instituto Tecnol\u00f3gico y de Estudios Superiores de Monterrey, Mexico. She also earned a Master of Science in Architectural Lighting &#8230; <a title=\"Biography\" class=\"read-more\" href=\"https:\/\/caroayala.com\/wpcaro\/biography\/\" aria-label=\"Leer m\u00e1s sobre Biography\">Leer m\u00e1s<\/a><\/p>\n","protected":false},"author":1,"featured_media":0,"parent":0,"menu_order":0,"comment_status":"closed","ping_status":"closed","template":"","meta":{"qubely_global_settings":"","qubely_interactions":"","footnotes":""},"class_list":["post-361","page","type-page","status-publish"],"_links":{"self":[{"href":"https:\/\/caroayala.com\/wpcaro\/wp-json\/wp\/v2\/pages\/361","targetHints":{"allow":["GET"]}}],"collection":[{"href":"https:\/\/caroayala.com\/wpcaro\/wp-json\/wp\/v2\/pages"}],"about":[{"href":"https:\/\/caroayala.com\/wpcaro\/wp-json\/wp\/v2\/types\/page"}],"author":[{"embeddable":true,"href":"https:\/\/caroayala.com\/wpcaro\/wp-json\/wp\/v2\/users\/1"}],"replies":[{"embeddable":true,"href":"https:\/\/caroayala.com\/wpcaro\/wp-json\/wp\/v2\/comments?post=361"}],"version-history":[{"count":15,"href":"https:\/\/caroayala.com\/wpcaro\/wp-json\/wp\/v2\/pages\/361\/revisions"}],"predecessor-version":[{"id":658,"href":"https:\/\/caroayala.com\/wpcaro\/wp-json\/wp\/v2\/pages\/361\/revisions\/658"}],"wp:attachment":[{"href":"https:\/\/caroayala.com\/wpcaro\/wp-json\/wp\/v2\/media?parent=361"}],"curies":[{"name":"wp","href":"https:\/\/api.w.org\/{rel}","templated":true}]}}