{"id":287,"date":"2025-03-05T04:32:10","date_gmt":"2025-03-05T04:32:10","guid":{"rendered":"https:\/\/caroayala.com\/wpcaro\/?page_id=287"},"modified":"2025-03-10T05:20:57","modified_gmt":"2025-03-10T05:20:57","slug":"declaracion-de-artista","status":"publish","type":"page","link":"https:\/\/caroayala.com\/wpcaro\/es\/declaracion-de-artista\/","title":{"rendered":"Declaraci\u00f3n de artista"},"content":{"rendered":"\n<p class=\"has-medium-font-size\" align=\"justify\">Siempre he tenido la necesidad de viajar. Ir a un sitio nuevo me permite tener otra perspectiva del mundo tangible pero tambi\u00e9n de lo que est\u00e1 ocurriendo en ese momento en mi vida. De ah\u00ed que en mi obra sea importante idear espacios f\u00edsicos que representen esos procesos de reflexi\u00f3n y las emociones que intervienen en ellos, dando como resultado paisajes mentales. Me gusta crear mundos en los que las miradas y las mentes siembren sus propias im\u00e1genes y emociones. Para esto, y por mi formaci\u00f3n en arquitectura, dise\u00f1o y danza cl\u00e1sica, propongo en mis cuadros, escenograf\u00edas que sirven de punto de encuentro seres de diferentes dimensiones.<\/p>\n\n\n\n<div class=\"wp-block-columns is-layout-flex wp-container-core-columns-is-layout-9d6595d7 wp-block-columns-is-layout-flex\">\n<div class=\"wp-block-column is-layout-flow wp-block-column-is-layout-flow\">\n<p align=\"justify\" style=\"font-style:normal;font-weight:300\">Mi obra naci\u00f3 durante la pandemia, tal vez por eso muestra zonas en donde el exterior irrumpe para confundirse con el interior, ambientes compartidos con animales y vegetaci\u00f3n en composiciones en donde se pueda existir sin sobresaltos. Me inspira la m\u00fasica, el movimiento del cuerpo al bailar, y como vivo cerca del mar en M\u00e9xico, en mis proyectos casi siempre est\u00e1n presentes el agua, el color azul, y los animales.\n<\/p>\n\n\n\n<p align=\"justify\" style=\"font-style:normal;font-weight:300\">Pienso que los sue\u00f1os son ventanas a otras dimensiones y me interesa traer esas creaciones a la luz del lienzo. Me fascinan los mensajes que las personas recuerdan cuando sue\u00f1an con sus familiares o animales difuntos y los s\u00edmbolos que se utilizan en esta comunicaci\u00f3n, como alg\u00fan objeto personal o diferentes tipos de cielos, por lo que los he incluido en mi trabajo. <\/p>\n<\/div>\n\n\n\n<div class=\"wp-block-column is-layout-flow wp-block-column-is-layout-flow\">\n<p align=\"justify\" style=\"font-style:normal;font-weight:300\">Tambi\u00e9n he usado la luz como agente narradora de historias de migraci\u00f3n forzada de Siria a Suecia. Para m\u00ed es fundamental mostrar universos y vivencias que no est\u00e1n al alcance de todos. Deseo que mi obra provoque en el espectador la necesidad de ir hacia adentro, de fugarse al no tiempo y al no espacio, m\u00e1s all\u00e1 de las formas, colores y limitantes geogr\u00e1ficos, a un lugar en donde muchos pueden conectarse mediante la esencia.<\/p>\n<\/div>\n<\/div>\n\n\n\n<p><\/p>\n\n\n\n<p>&nbsp;<\/p>\n\n\n\n<p><\/p>\n\n\n\n<p><\/p>\n\n\n\n<p>&nbsp;<\/p>\n\n\n\n<p><\/p>\n","protected":false},"excerpt":{"rendered":"<p>Siempre he tenido la necesidad de viajar. Ir a un sitio nuevo me permite tener otra perspectiva del mundo tangible pero tambi\u00e9n de lo que est\u00e1 ocurriendo en ese momento en mi vida. De ah\u00ed que en mi obra sea importante idear espacios f\u00edsicos que representen esos procesos de reflexi\u00f3n y las emociones que intervienen &#8230; <a title=\"Declaraci\u00f3n de artista\" class=\"read-more\" href=\"https:\/\/caroayala.com\/wpcaro\/es\/declaracion-de-artista\/\" aria-label=\"Leer m\u00e1s sobre Declaraci\u00f3n de artista\">Leer m\u00e1s<\/a><\/p>\n","protected":false},"author":1,"featured_media":0,"parent":0,"menu_order":0,"comment_status":"closed","ping_status":"closed","template":"","meta":{"qubely_global_settings":"","qubely_interactions":"","footnotes":""},"class_list":["post-287","page","type-page","status-publish"],"_links":{"self":[{"href":"https:\/\/caroayala.com\/wpcaro\/wp-json\/wp\/v2\/pages\/287","targetHints":{"allow":["GET"]}}],"collection":[{"href":"https:\/\/caroayala.com\/wpcaro\/wp-json\/wp\/v2\/pages"}],"about":[{"href":"https:\/\/caroayala.com\/wpcaro\/wp-json\/wp\/v2\/types\/page"}],"author":[{"embeddable":true,"href":"https:\/\/caroayala.com\/wpcaro\/wp-json\/wp\/v2\/users\/1"}],"replies":[{"embeddable":true,"href":"https:\/\/caroayala.com\/wpcaro\/wp-json\/wp\/v2\/comments?post=287"}],"version-history":[{"count":8,"href":"https:\/\/caroayala.com\/wpcaro\/wp-json\/wp\/v2\/pages\/287\/revisions"}],"predecessor-version":[{"id":399,"href":"https:\/\/caroayala.com\/wpcaro\/wp-json\/wp\/v2\/pages\/287\/revisions\/399"}],"wp:attachment":[{"href":"https:\/\/caroayala.com\/wpcaro\/wp-json\/wp\/v2\/media?parent=287"}],"curies":[{"name":"wp","href":"https:\/\/api.w.org\/{rel}","templated":true}]}}